{"id":4588,"date":"2025-07-01T16:25:00","date_gmt":"2025-07-01T14:25:00","guid":{"rendered":"https:\/\/peachbuilder.hu\/?post_type=product&#038;p=4588"},"modified":"2026-03-30T12:20:57","modified_gmt":"2026-03-30T10:20:57","slug":"pb402-standinghipthrust","status":"publish","type":"product","link":"https:\/\/peachbuilder.hu\/hu\/termek\/pb402-standinghipthrust\/","title":{"rendered":"PB402-STANDING HIP THRUST"},"content":{"rendered":"<p>Product\u00a0Weight: <strong>88kg<\/strong><\/p>\n<p>Maximum terhelhet\u0151s\u00e9g: <strong>120kg<\/strong><\/p>\n<p>Term\u00e9k m\u00e9retek: <strong>1182\u00d71160\u00d71446 (mm)<\/strong><\/p>\n<p>Aj\u00e1nlott helysz\u00fcks\u00e9glet: <strong>1700\u00d71800\u00d72000 (mm)<\/strong><\/p>","protected":false},"excerpt":{"rendered":"<p>G\u00e9pv\u00e1zaink kiv\u00e1l\u00f3 min\u0151s\u00e9g\u0171, nagyfrekvenci\u00e1s, hidegen hengerelt n\u00e9gysz\u00f6gletes ac\u00e9lcs\u00f6vekb\u0151l k\u00e9sz\u00fclnek.<\/p>\n<p>Minden p\u00e1rn\u00e1zatunk nagy s\u0171r\u0171s\u00e9g\u0171, rugalmas (rebound) t\u00f6ltettel k\u00e9sz\u00fcl a k\u00e9nyelem \u00e9s a tart\u00f3ss\u00e1g \u00e9rdek\u00e9ben, garant\u00e1lva a deform\u00e1ci\u00f3- \u00e9s bes\u00fcpped\u00e9smentes haszn\u00e1latot.<\/p>","protected":false},"featured_media":4903,"comment_status":"open","ping_status":"closed","template":"","meta":{"site-sidebar-layout":"default","site-content-layout":"","ast-site-content-layout":"default","site-content-style":"default","site-sidebar-style":"default","ast-global-header-display":"","ast-banner-title-visibility":"","ast-main-header-display":"","ast-hfb-above-header-display":"","ast-hfb-below-header-display":"","ast-hfb-mobile-header-display":"","site-post-title":"","ast-breadcrumbs-content":"","ast-featured-img":"","footer-sml-layout":"","ast-disable-related-posts":"","theme-transparent-header-meta":"default","adv-header-id-meta":"","stick-header-meta":"","header-above-stick-meta":"","header-main-stick-meta":"","header-below-stick-meta":"","astra-migrate-meta-layouts":"set","ast-page-background-enabled":"default","ast-page-background-meta":{"desktop":{"background-color":"var(--ast-global-color-4)","background-image":"","background-repeat":"repeat","background-position":"center center","background-size":"auto","background-attachment":"scroll","background-type":"","background-media":"","overlay-type":"","overlay-color":"","overlay-opacity":"","overlay-gradient":""},"tablet":{"background-color":"","background-image":"","background-repeat":"repeat","background-position":"center center","background-size":"auto","background-attachment":"scroll","background-type":"","background-media":"","overlay-type":"","overlay-color":"","overlay-opacity":"","overlay-gradient":""},"mobile":{"background-color":"","background-image":"","background-repeat":"repeat","background-position":"center center","background-size":"auto","background-attachment":"scroll","background-type":"","background-media":"","overlay-type":"","overlay-color":"","overlay-opacity":"","overlay-gradient":""}},"ast-content-background-meta":{"desktop":{"background-color":"var(--ast-global-color-5)","background-image":"","background-repeat":"repeat","background-position":"center center","background-size":"auto","background-attachment":"scroll","background-type":"","background-media":"","overlay-type":"","overlay-color":"","overlay-opacity":"","overlay-gradient":""},"tablet":{"background-color":"var(--ast-global-color-5)","background-image":"","background-repeat":"repeat","background-position":"center center","background-size":"auto","background-attachment":"scroll","background-type":"","background-media":"","overlay-type":"","overlay-color":"","overlay-opacity":"","overlay-gradient":""},"mobile":{"background-color":"var(--ast-global-color-5)","background-image":"","background-repeat":"repeat","background-position":"center center","background-size":"auto","background-attachment":"scroll","background-type":"","background-media":"","overlay-type":"","overlay-color":"","overlay-opacity":"","overlay-gradient":""}}},"product_brand":[],"product_cat":[18],"product_tag":[],"class_list":{"0":"post-4588","1":"product","2":"type-product","3":"status-publish","4":"has-post-thumbnail","6":"product_cat-egyeb","7":"desktop-align-left","8":"tablet-align-left","9":"mobile-align-left","11":"first","12":"instock","13":"sale","14":"taxable","15":"shipping-taxable","16":"purchasable","17":"product-type-simple"},"yoast_head":"<!-- This site is optimized with the Yoast SEO plugin v27.3 - https:\/\/yoast.com\/product\/yoast-seo-wordpress\/ -->\n<title>PB402-STANDING HIP THRUST - Peach Builder<\/title>\n<meta name=\"robots\" content=\"index, follow, max-snippet:-1, max-image-preview:large, max-video-preview:-1\" \/>\n<link rel=\"canonical\" href=\"https:\/\/peachbuilder.hu\/hu\/termek\/pb402-standinghipthrust\/\" \/>\n<meta property=\"og:locale\" content=\"hu_HU\" \/>\n<meta property=\"og:type\" content=\"article\" \/>\n<meta property=\"og:title\" content=\"PB402-STANDING HIP THRUST - Peach Builder\" \/>\n<meta property=\"og:description\" content=\"Our equipment frames are made of high-quality, high frequency, cold-rolled rectangular steel tubing.  All pads use high-density rebound padding to ensure comfort, durability, and no deformation or collapse.\" \/>\n<meta property=\"og:url\" content=\"https:\/\/peachbuilder.hu\/hu\/termek\/pb402-standinghipthrust\/\" \/>\n<meta property=\"og:site_name\" content=\"Peach Builder\" \/>\n<meta property=\"article:modified_time\" content=\"2026-03-30T10:20:57+00:00\" \/>\n<meta property=\"og:image\" content=\"https:\/\/peachbuilder.hu\/wp-content\/uploads\/2026\/03\/PB402.webp\" \/>\n\t<meta property=\"og:image:width\" content=\"1000\" \/>\n\t<meta property=\"og:image:height\" content=\"1000\" \/>\n\t<meta property=\"og:image:type\" content=\"image\/webp\" \/>\n<meta name=\"twitter:card\" content=\"summary_large_image\" \/>\n<meta name=\"twitter:label1\" content=\"Becs\u00fclt olvas\u00e1si id\u0151\" \/>\n\t<meta name=\"twitter:data1\" content=\"1 perc\" \/>\n<script type=\"application\/ld+json\" class=\"yoast-schema-graph\">{\"@context\":\"https:\\\/\\\/schema.org\",\"@graph\":[{\"@type\":\"WebPage\",\"@id\":\"https:\\\/\\\/peachbuilder.hu\\\/termek\\\/pb402-standinghipthrust\\\/\",\"url\":\"https:\\\/\\\/peachbuilder.hu\\\/termek\\\/pb402-standinghipthrust\\\/\",\"name\":\"PB402-STANDING HIP THRUST - Peach Builder\",\"isPartOf\":{\"@id\":\"https:\\\/\\\/peachbuilder.hu\\\/#website\"},\"primaryImageOfPage\":{\"@id\":\"https:\\\/\\\/peachbuilder.hu\\\/termek\\\/pb402-standinghipthrust\\\/#primaryimage\"},\"image\":{\"@id\":\"https:\\\/\\\/peachbuilder.hu\\\/termek\\\/pb402-standinghipthrust\\\/#primaryimage\"},\"thumbnailUrl\":\"https:\\\/\\\/peachbuilder.hu\\\/wp-content\\\/uploads\\\/2026\\\/03\\\/PB402.webp\",\"datePublished\":\"2025-07-01T14:25:00+00:00\",\"dateModified\":\"2026-03-30T10:20:57+00:00\",\"breadcrumb\":{\"@id\":\"https:\\\/\\\/peachbuilder.hu\\\/termek\\\/pb402-standinghipthrust\\\/#breadcrumb\"},\"inLanguage\":\"hu\",\"potentialAction\":[{\"@type\":\"ReadAction\",\"target\":[\"https:\\\/\\\/peachbuilder.hu\\\/termek\\\/pb402-standinghipthrust\\\/\"]}]},{\"@type\":\"ImageObject\",\"inLanguage\":\"hu\",\"@id\":\"https:\\\/\\\/peachbuilder.hu\\\/termek\\\/pb402-standinghipthrust\\\/#primaryimage\",\"url\":\"https:\\\/\\\/peachbuilder.hu\\\/wp-content\\\/uploads\\\/2026\\\/03\\\/PB402.webp\",\"contentUrl\":\"https:\\\/\\\/peachbuilder.hu\\\/wp-content\\\/uploads\\\/2026\\\/03\\\/PB402.webp\",\"width\":1000,\"height\":1000},{\"@type\":\"BreadcrumbList\",\"@id\":\"https:\\\/\\\/peachbuilder.hu\\\/termek\\\/pb402-standinghipthrust\\\/#breadcrumb\",\"itemListElement\":[{\"@type\":\"ListItem\",\"position\":1,\"name\":\"Kezd\u0151lap\",\"item\":\"https:\\\/\\\/peachbuilder.hu\\\/\"},{\"@type\":\"ListItem\",\"position\":2,\"name\":\"Products\",\"item\":\"https:\\\/\\\/peachbuilder.hu\\\/contact\\\/\"},{\"@type\":\"ListItem\",\"position\":3,\"name\":\"PB402-STANDING HIP THRUST\"}]},{\"@type\":\"WebSite\",\"@id\":\"https:\\\/\\\/peachbuilder.hu\\\/#website\",\"url\":\"https:\\\/\\\/peachbuilder.hu\\\/\",\"name\":\"Peach Builder\",\"description\":\"Just another Astra Starter Templates site.\",\"publisher\":{\"@id\":\"https:\\\/\\\/peachbuilder.hu\\\/#organization\"},\"potentialAction\":[{\"@type\":\"SearchAction\",\"target\":{\"@type\":\"EntryPoint\",\"urlTemplate\":\"https:\\\/\\\/peachbuilder.hu\\\/?s={search_term_string}\"},\"query-input\":{\"@type\":\"PropertyValueSpecification\",\"valueRequired\":true,\"valueName\":\"search_term_string\"}}],\"inLanguage\":\"hu\"},{\"@type\":\"Organization\",\"@id\":\"https:\\\/\\\/peachbuilder.hu\\\/#organization\",\"name\":\"Peach Builder\",\"url\":\"https:\\\/\\\/peachbuilder.hu\\\/\",\"logo\":{\"@type\":\"ImageObject\",\"inLanguage\":\"hu\",\"@id\":\"https:\\\/\\\/peachbuilder.hu\\\/#\\\/schema\\\/logo\\\/image\\\/\",\"url\":\"https:\\\/\\\/peachbuilder.hu\\\/wp-content\\\/uploads\\\/2025\\\/06\\\/peach-builder-scaled.png\",\"contentUrl\":\"https:\\\/\\\/peachbuilder.hu\\\/wp-content\\\/uploads\\\/2025\\\/06\\\/peach-builder-scaled.png\",\"width\":2560,\"height\":529,\"caption\":\"Peach Builder\"},\"image\":{\"@id\":\"https:\\\/\\\/peachbuilder.hu\\\/#\\\/schema\\\/logo\\\/image\\\/\"}}]}<\/script>\n<!-- \/ Yoast SEO plugin. -->","yoast_head_json":{"title":"PB402-STANDING HIP THRUST - Peach Builder","robots":{"index":"index","follow":"follow","max-snippet":"max-snippet:-1","max-image-preview":"max-image-preview:large","max-video-preview":"max-video-preview:-1"},"canonical":"https:\/\/peachbuilder.hu\/hu\/termek\/pb402-standinghipthrust\/","og_locale":"hu_HU","og_type":"article","og_title":"PB402-STANDING HIP THRUST - Peach Builder","og_description":"Our equipment frames are made of high-quality, high frequency, cold-rolled rectangular steel tubing.  All pads use high-density rebound padding to ensure comfort, durability, and no deformation or collapse.","og_url":"https:\/\/peachbuilder.hu\/hu\/termek\/pb402-standinghipthrust\/","og_site_name":"Peach Builder","article_modified_time":"2026-03-30T10:20:57+00:00","og_image":[{"width":1000,"height":1000,"url":"https:\/\/peachbuilder.hu\/wp-content\/uploads\/2026\/03\/PB402.webp","type":"image\/webp"}],"twitter_card":"summary_large_image","twitter_misc":{"Becs\u00fclt olvas\u00e1si id\u0151":"1 perc"},"schema":{"@context":"https:\/\/schema.org","@graph":[{"@type":"WebPage","@id":"https:\/\/peachbuilder.hu\/termek\/pb402-standinghipthrust\/","url":"https:\/\/peachbuilder.hu\/termek\/pb402-standinghipthrust\/","name":"PB402-STANDING HIP THRUST - Peach Builder","isPartOf":{"@id":"https:\/\/peachbuilder.hu\/#website"},"primaryImageOfPage":{"@id":"https:\/\/peachbuilder.hu\/termek\/pb402-standinghipthrust\/#primaryimage"},"image":{"@id":"https:\/\/peachbuilder.hu\/termek\/pb402-standinghipthrust\/#primaryimage"},"thumbnailUrl":"https:\/\/peachbuilder.hu\/wp-content\/uploads\/2026\/03\/PB402.webp","datePublished":"2025-07-01T14:25:00+00:00","dateModified":"2026-03-30T10:20:57+00:00","breadcrumb":{"@id":"https:\/\/peachbuilder.hu\/termek\/pb402-standinghipthrust\/#breadcrumb"},"inLanguage":"hu","potentialAction":[{"@type":"ReadAction","target":["https:\/\/peachbuilder.hu\/termek\/pb402-standinghipthrust\/"]}]},{"@type":"ImageObject","inLanguage":"hu","@id":"https:\/\/peachbuilder.hu\/termek\/pb402-standinghipthrust\/#primaryimage","url":"https:\/\/peachbuilder.hu\/wp-content\/uploads\/2026\/03\/PB402.webp","contentUrl":"https:\/\/peachbuilder.hu\/wp-content\/uploads\/2026\/03\/PB402.webp","width":1000,"height":1000},{"@type":"BreadcrumbList","@id":"https:\/\/peachbuilder.hu\/termek\/pb402-standinghipthrust\/#breadcrumb","itemListElement":[{"@type":"ListItem","position":1,"name":"Kezd\u0151lap","item":"https:\/\/peachbuilder.hu\/"},{"@type":"ListItem","position":2,"name":"Products","item":"https:\/\/peachbuilder.hu\/contact\/"},{"@type":"ListItem","position":3,"name":"PB402-STANDING HIP THRUST"}]},{"@type":"WebSite","@id":"https:\/\/peachbuilder.hu\/#website","url":"https:\/\/peachbuilder.hu\/","name":"Peach Builder","description":"Just another Astra Starter Templates site.","publisher":{"@id":"https:\/\/peachbuilder.hu\/#organization"},"potentialAction":[{"@type":"SearchAction","target":{"@type":"EntryPoint","urlTemplate":"https:\/\/peachbuilder.hu\/?s={search_term_string}"},"query-input":{"@type":"PropertyValueSpecification","valueRequired":true,"valueName":"search_term_string"}}],"inLanguage":"hu"},{"@type":"Organization","@id":"https:\/\/peachbuilder.hu\/#organization","name":"Peach Builder","url":"https:\/\/peachbuilder.hu\/","logo":{"@type":"ImageObject","inLanguage":"hu","@id":"https:\/\/peachbuilder.hu\/#\/schema\/logo\/image\/","url":"https:\/\/peachbuilder.hu\/wp-content\/uploads\/2025\/06\/peach-builder-scaled.png","contentUrl":"https:\/\/peachbuilder.hu\/wp-content\/uploads\/2025\/06\/peach-builder-scaled.png","width":2560,"height":529,"caption":"Peach Builder"},"image":{"@id":"https:\/\/peachbuilder.hu\/#\/schema\/logo\/image\/"}}]}},"_links":{"self":[{"href":"https:\/\/peachbuilder.hu\/hu\/wp-json\/wp\/v2\/product\/4588","targetHints":{"allow":["GET"]}}],"collection":[{"href":"https:\/\/peachbuilder.hu\/hu\/wp-json\/wp\/v2\/product"}],"about":[{"href":"https:\/\/peachbuilder.hu\/hu\/wp-json\/wp\/v2\/types\/product"}],"replies":[{"embeddable":true,"href":"https:\/\/peachbuilder.hu\/hu\/wp-json\/wp\/v2\/comments?post=4588"}],"wp:featuredmedia":[{"embeddable":true,"href":"https:\/\/peachbuilder.hu\/hu\/wp-json\/wp\/v2\/media\/4903"}],"wp:attachment":[{"href":"https:\/\/peachbuilder.hu\/hu\/wp-json\/wp\/v2\/media?parent=4588"}],"wp:term":[{"taxonomy":"product_brand","embeddable":true,"href":"https:\/\/peachbuilder.hu\/hu\/wp-json\/wp\/v2\/product_brand?post=4588"},{"taxonomy":"product_cat","embeddable":true,"href":"https:\/\/peachbuilder.hu\/hu\/wp-json\/wp\/v2\/product_cat?post=4588"},{"taxonomy":"product_tag","embeddable":true,"href":"https:\/\/peachbuilder.hu\/hu\/wp-json\/wp\/v2\/product_tag?post=4588"}],"curies":[{"name":"wp","href":"https:\/\/api.w.org\/{rel}","templated":true}]}}