{"id":4590,"date":"2025-07-01T16:28:13","date_gmt":"2025-07-01T14:28:13","guid":{"rendered":"https:\/\/peachbuilder.hu\/?post_type=product&#038;p=4590"},"modified":"2025-09-14T21:07:00","modified_gmt":"2025-09-14T19:07:00","slug":"ultimatepackage8products","status":"publish","type":"product","link":"https:\/\/peachbuilder.hu\/hu\/termek\/ultimatepackage8products\/","title":{"rendered":"Ultimate Package (8 Products)"},"content":{"rendered":"<p>This will be the description<\/p>","protected":false},"excerpt":{"rendered":"<p>Short description of the product<\/p>","protected":false},"featured_media":4816,"comment_status":"open","ping_status":"closed","template":"","meta":{"site-sidebar-layout":"default","site-content-layout":"","ast-site-content-layout":"default","site-content-style":"default","site-sidebar-style":"default","ast-global-header-display":"","ast-banner-title-visibility":"","ast-main-header-display":"","ast-hfb-above-header-display":"","ast-hfb-below-header-display":"","ast-hfb-mobile-header-display":"","site-post-title":"","ast-breadcrumbs-content":"","ast-featured-img":"","footer-sml-layout":"","ast-disable-related-posts":"","theme-transparent-header-meta":"default","adv-header-id-meta":"","stick-header-meta":"","header-above-stick-meta":"","header-main-stick-meta":"","header-below-stick-meta":"","astra-migrate-meta-layouts":"set","ast-page-background-enabled":"default","ast-page-background-meta":{"desktop":{"background-color":"var(--ast-global-color-4)","background-image":"","background-repeat":"repeat","background-position":"center center","background-size":"auto","background-attachment":"scroll","background-type":"","background-media":"","overlay-type":"","overlay-color":"","overlay-opacity":"","overlay-gradient":""},"tablet":{"background-color":"","background-image":"","background-repeat":"repeat","background-position":"center center","background-size":"auto","background-attachment":"scroll","background-type":"","background-media":"","overlay-type":"","overlay-color":"","overlay-opacity":"","overlay-gradient":""},"mobile":{"background-color":"","background-image":"","background-repeat":"repeat","background-position":"center center","background-size":"auto","background-attachment":"scroll","background-type":"","background-media":"","overlay-type":"","overlay-color":"","overlay-opacity":"","overlay-gradient":""}},"ast-content-background-meta":{"desktop":{"background-color":"var(--ast-global-color-5)","background-image":"","background-repeat":"repeat","background-position":"center center","background-size":"auto","background-attachment":"scroll","background-type":"","background-media":"","overlay-type":"","overlay-color":"","overlay-opacity":"","overlay-gradient":""},"tablet":{"background-color":"var(--ast-global-color-5)","background-image":"","background-repeat":"repeat","background-position":"center center","background-size":"auto","background-attachment":"scroll","background-type":"","background-media":"","overlay-type":"","overlay-color":"","overlay-opacity":"","overlay-gradient":""},"mobile":{"background-color":"var(--ast-global-color-5)","background-image":"","background-repeat":"repeat","background-position":"center center","background-size":"auto","background-attachment":"scroll","background-type":"","background-media":"","overlay-type":"","overlay-color":"","overlay-opacity":"","overlay-gradient":""}}},"product_brand":[],"product_cat":[18],"product_tag":[],"class_list":{"0":"post-4590","1":"product","2":"type-product","3":"status-publish","4":"has-post-thumbnail","6":"product_cat-egyeb","7":"desktop-align-left","8":"tablet-align-left","9":"mobile-align-left","11":"first","12":"instock","13":"sale","14":"taxable","15":"shipping-taxable","16":"purchasable","17":"product-type-simple"},"yoast_head":"<!-- This site is optimized with the Yoast SEO plugin v27.3 - https:\/\/yoast.com\/product\/yoast-seo-wordpress\/ -->\n<title>Ultimate Package (8 Products) - Peach Builder<\/title>\n<meta name=\"robots\" content=\"index, follow, max-snippet:-1, max-image-preview:large, max-video-preview:-1\" \/>\n<link rel=\"canonical\" href=\"https:\/\/peachbuilder.hu\/hu\/termek\/ultimatepackage8products\/\" \/>\n<meta property=\"og:locale\" content=\"hu_HU\" \/>\n<meta property=\"og:type\" content=\"article\" \/>\n<meta property=\"og:title\" content=\"Ultimate Package (8 Products) - Peach Builder\" \/>\n<meta property=\"og:description\" content=\"Short description of the product\" \/>\n<meta property=\"og:url\" content=\"https:\/\/peachbuilder.hu\/hu\/termek\/ultimatepackage8products\/\" \/>\n<meta property=\"og:site_name\" content=\"Peach Builder\" \/>\n<meta property=\"article:modified_time\" content=\"2025-09-14T19:07:00+00:00\" \/>\n<meta property=\"og:image\" content=\"https:\/\/peachbuilder.hu\/wp-content\/uploads\/2025\/09\/Dia1-1.jpg\" \/>\n\t<meta property=\"og:image:width\" content=\"1280\" \/>\n\t<meta property=\"og:image:height\" content=\"720\" \/>\n\t<meta property=\"og:image:type\" content=\"image\/jpeg\" \/>\n<meta name=\"twitter:card\" content=\"summary_large_image\" \/>\n<meta name=\"twitter:label1\" content=\"Becs\u00fclt olvas\u00e1si id\u0151\" \/>\n\t<meta name=\"twitter:data1\" content=\"1 perc\" \/>\n<script type=\"application\/ld+json\" class=\"yoast-schema-graph\">{\"@context\":\"https:\\\/\\\/schema.org\",\"@graph\":[{\"@type\":\"WebPage\",\"@id\":\"https:\\\/\\\/peachbuilder.hu\\\/termek\\\/ultimatepackage8products\\\/\",\"url\":\"https:\\\/\\\/peachbuilder.hu\\\/termek\\\/ultimatepackage8products\\\/\",\"name\":\"Ultimate Package (8 Products) - Peach Builder\",\"isPartOf\":{\"@id\":\"https:\\\/\\\/peachbuilder.hu\\\/#website\"},\"primaryImageOfPage\":{\"@id\":\"https:\\\/\\\/peachbuilder.hu\\\/termek\\\/ultimatepackage8products\\\/#primaryimage\"},\"image\":{\"@id\":\"https:\\\/\\\/peachbuilder.hu\\\/termek\\\/ultimatepackage8products\\\/#primaryimage\"},\"thumbnailUrl\":\"https:\\\/\\\/peachbuilder.hu\\\/wp-content\\\/uploads\\\/2025\\\/09\\\/Dia1-1.jpg\",\"datePublished\":\"2025-07-01T14:28:13+00:00\",\"dateModified\":\"2025-09-14T19:07:00+00:00\",\"breadcrumb\":{\"@id\":\"https:\\\/\\\/peachbuilder.hu\\\/termek\\\/ultimatepackage8products\\\/#breadcrumb\"},\"inLanguage\":\"hu\",\"potentialAction\":[{\"@type\":\"ReadAction\",\"target\":[\"https:\\\/\\\/peachbuilder.hu\\\/termek\\\/ultimatepackage8products\\\/\"]}]},{\"@type\":\"ImageObject\",\"inLanguage\":\"hu\",\"@id\":\"https:\\\/\\\/peachbuilder.hu\\\/termek\\\/ultimatepackage8products\\\/#primaryimage\",\"url\":\"https:\\\/\\\/peachbuilder.hu\\\/wp-content\\\/uploads\\\/2025\\\/09\\\/Dia1-1.jpg\",\"contentUrl\":\"https:\\\/\\\/peachbuilder.hu\\\/wp-content\\\/uploads\\\/2025\\\/09\\\/Dia1-1.jpg\",\"width\":1280,\"height\":720},{\"@type\":\"BreadcrumbList\",\"@id\":\"https:\\\/\\\/peachbuilder.hu\\\/termek\\\/ultimatepackage8products\\\/#breadcrumb\",\"itemListElement\":[{\"@type\":\"ListItem\",\"position\":1,\"name\":\"Kezd\u0151lap\",\"item\":\"https:\\\/\\\/peachbuilder.hu\\\/\"},{\"@type\":\"ListItem\",\"position\":2,\"name\":\"Products\",\"item\":\"https:\\\/\\\/peachbuilder.hu\\\/contact\\\/\"},{\"@type\":\"ListItem\",\"position\":3,\"name\":\"Ultimate Package (8 Products)\"}]},{\"@type\":\"WebSite\",\"@id\":\"https:\\\/\\\/peachbuilder.hu\\\/#website\",\"url\":\"https:\\\/\\\/peachbuilder.hu\\\/\",\"name\":\"Peach Builder\",\"description\":\"Just another Astra Starter Templates site.\",\"publisher\":{\"@id\":\"https:\\\/\\\/peachbuilder.hu\\\/#organization\"},\"potentialAction\":[{\"@type\":\"SearchAction\",\"target\":{\"@type\":\"EntryPoint\",\"urlTemplate\":\"https:\\\/\\\/peachbuilder.hu\\\/?s={search_term_string}\"},\"query-input\":{\"@type\":\"PropertyValueSpecification\",\"valueRequired\":true,\"valueName\":\"search_term_string\"}}],\"inLanguage\":\"hu\"},{\"@type\":\"Organization\",\"@id\":\"https:\\\/\\\/peachbuilder.hu\\\/#organization\",\"name\":\"Peach Builder\",\"url\":\"https:\\\/\\\/peachbuilder.hu\\\/\",\"logo\":{\"@type\":\"ImageObject\",\"inLanguage\":\"hu\",\"@id\":\"https:\\\/\\\/peachbuilder.hu\\\/#\\\/schema\\\/logo\\\/image\\\/\",\"url\":\"https:\\\/\\\/peachbuilder.hu\\\/wp-content\\\/uploads\\\/2025\\\/06\\\/peach-builder-scaled.png\",\"contentUrl\":\"https:\\\/\\\/peachbuilder.hu\\\/wp-content\\\/uploads\\\/2025\\\/06\\\/peach-builder-scaled.png\",\"width\":2560,\"height\":529,\"caption\":\"Peach Builder\"},\"image\":{\"@id\":\"https:\\\/\\\/peachbuilder.hu\\\/#\\\/schema\\\/logo\\\/image\\\/\"}}]}<\/script>\n<!-- \/ Yoast SEO plugin. -->","yoast_head_json":{"title":"Ultimate Package (8 Products) - Peach Builder","robots":{"index":"index","follow":"follow","max-snippet":"max-snippet:-1","max-image-preview":"max-image-preview:large","max-video-preview":"max-video-preview:-1"},"canonical":"https:\/\/peachbuilder.hu\/hu\/termek\/ultimatepackage8products\/","og_locale":"hu_HU","og_type":"article","og_title":"Ultimate Package (8 Products) - Peach Builder","og_description":"Short description of the product","og_url":"https:\/\/peachbuilder.hu\/hu\/termek\/ultimatepackage8products\/","og_site_name":"Peach Builder","article_modified_time":"2025-09-14T19:07:00+00:00","og_image":[{"width":1280,"height":720,"url":"https:\/\/peachbuilder.hu\/wp-content\/uploads\/2025\/09\/Dia1-1.jpg","type":"image\/jpeg"}],"twitter_card":"summary_large_image","twitter_misc":{"Becs\u00fclt olvas\u00e1si id\u0151":"1 perc"},"schema":{"@context":"https:\/\/schema.org","@graph":[{"@type":"WebPage","@id":"https:\/\/peachbuilder.hu\/termek\/ultimatepackage8products\/","url":"https:\/\/peachbuilder.hu\/termek\/ultimatepackage8products\/","name":"Ultimate Package (8 Products) - Peach Builder","isPartOf":{"@id":"https:\/\/peachbuilder.hu\/#website"},"primaryImageOfPage":{"@id":"https:\/\/peachbuilder.hu\/termek\/ultimatepackage8products\/#primaryimage"},"image":{"@id":"https:\/\/peachbuilder.hu\/termek\/ultimatepackage8products\/#primaryimage"},"thumbnailUrl":"https:\/\/peachbuilder.hu\/wp-content\/uploads\/2025\/09\/Dia1-1.jpg","datePublished":"2025-07-01T14:28:13+00:00","dateModified":"2025-09-14T19:07:00+00:00","breadcrumb":{"@id":"https:\/\/peachbuilder.hu\/termek\/ultimatepackage8products\/#breadcrumb"},"inLanguage":"hu","potentialAction":[{"@type":"ReadAction","target":["https:\/\/peachbuilder.hu\/termek\/ultimatepackage8products\/"]}]},{"@type":"ImageObject","inLanguage":"hu","@id":"https:\/\/peachbuilder.hu\/termek\/ultimatepackage8products\/#primaryimage","url":"https:\/\/peachbuilder.hu\/wp-content\/uploads\/2025\/09\/Dia1-1.jpg","contentUrl":"https:\/\/peachbuilder.hu\/wp-content\/uploads\/2025\/09\/Dia1-1.jpg","width":1280,"height":720},{"@type":"BreadcrumbList","@id":"https:\/\/peachbuilder.hu\/termek\/ultimatepackage8products\/#breadcrumb","itemListElement":[{"@type":"ListItem","position":1,"name":"Kezd\u0151lap","item":"https:\/\/peachbuilder.hu\/"},{"@type":"ListItem","position":2,"name":"Products","item":"https:\/\/peachbuilder.hu\/contact\/"},{"@type":"ListItem","position":3,"name":"Ultimate Package (8 Products)"}]},{"@type":"WebSite","@id":"https:\/\/peachbuilder.hu\/#website","url":"https:\/\/peachbuilder.hu\/","name":"Peach Builder","description":"Just another Astra Starter Templates site.","publisher":{"@id":"https:\/\/peachbuilder.hu\/#organization"},"potentialAction":[{"@type":"SearchAction","target":{"@type":"EntryPoint","urlTemplate":"https:\/\/peachbuilder.hu\/?s={search_term_string}"},"query-input":{"@type":"PropertyValueSpecification","valueRequired":true,"valueName":"search_term_string"}}],"inLanguage":"hu"},{"@type":"Organization","@id":"https:\/\/peachbuilder.hu\/#organization","name":"Peach Builder","url":"https:\/\/peachbuilder.hu\/","logo":{"@type":"ImageObject","inLanguage":"hu","@id":"https:\/\/peachbuilder.hu\/#\/schema\/logo\/image\/","url":"https:\/\/peachbuilder.hu\/wp-content\/uploads\/2025\/06\/peach-builder-scaled.png","contentUrl":"https:\/\/peachbuilder.hu\/wp-content\/uploads\/2025\/06\/peach-builder-scaled.png","width":2560,"height":529,"caption":"Peach Builder"},"image":{"@id":"https:\/\/peachbuilder.hu\/#\/schema\/logo\/image\/"}}]}},"_links":{"self":[{"href":"https:\/\/peachbuilder.hu\/hu\/wp-json\/wp\/v2\/product\/4590","targetHints":{"allow":["GET"]}}],"collection":[{"href":"https:\/\/peachbuilder.hu\/hu\/wp-json\/wp\/v2\/product"}],"about":[{"href":"https:\/\/peachbuilder.hu\/hu\/wp-json\/wp\/v2\/types\/product"}],"replies":[{"embeddable":true,"href":"https:\/\/peachbuilder.hu\/hu\/wp-json\/wp\/v2\/comments?post=4590"}],"wp:featuredmedia":[{"embeddable":true,"href":"https:\/\/peachbuilder.hu\/hu\/wp-json\/wp\/v2\/media\/4816"}],"wp:attachment":[{"href":"https:\/\/peachbuilder.hu\/hu\/wp-json\/wp\/v2\/media?parent=4590"}],"wp:term":[{"taxonomy":"product_brand","embeddable":true,"href":"https:\/\/peachbuilder.hu\/hu\/wp-json\/wp\/v2\/product_brand?post=4590"},{"taxonomy":"product_cat","embeddable":true,"href":"https:\/\/peachbuilder.hu\/hu\/wp-json\/wp\/v2\/product_cat?post=4590"},{"taxonomy":"product_tag","embeddable":true,"href":"https:\/\/peachbuilder.hu\/hu\/wp-json\/wp\/v2\/product_tag?post=4590"}],"curies":[{"name":"wp","href":"https:\/\/api.w.org\/{rel}","templated":true}]}}